{"id":464,"date":"2018-12-16T08:17:30","date_gmt":"2018-12-16T08:17:30","guid":{"rendered":"http:\/\/www.zakryty.cz\/?page_id=464"},"modified":"2025-01-04T11:20:57","modified_gmt":"2025-01-04T11:20:57","slug":"k-cemu-jsou-zakryty","status":"publish","type":"page","link":"https:\/\/www.zakryty.cz\/index.php\/o-zakrytech\/k-cemu-jsou-zakryty\/","title":{"rendered":"K \u010demu jsou z\u00e1kryty?"},"content":{"rendered":"\n<h3 class=\"wp-block-heading\">Pozorov\u00e1n\u00ed z\u00e1kryt\u016f hv\u011bzd planetkami slou\u017e\u00ed zejm\u00e9na k v\u00fdzkumu planetek, pop\u0159\u00edpad\u011b i zakr\u00fdvan\u00fdch hv\u011bzd:<\/h3>\n\n\n\n<ul class=\"wp-block-list\">\n<li>pozitivn\u00ed m\u011b\u0159en\u00ed z\u00e1krytu jsou velmi cenn\u00e1 pro astrometrii planetek (z pozitivn\u00edho pozorov\u00e1n\u00ed jsou z\u00edsk\u00e1v\u00e1na data o poloze planetky nejm\u00e9n\u011b o \u0159\u00e1d s vy\u0161\u0161\u00ed p\u0159esnost\u00ed ne\u017e z v\u011bt\u0161iny astrometrick\u00fdch m\u011b\u0159en\u00ed), a t\u00edm i pro v\u00fdpo\u010det drah t\u011bchto t\u011bles<\/li>\n\n\n\n<li>z pozitivn\u00edch (pop\u0159. i bl\u00edzk\u00fdch negativn\u00edch) lze zjistit velikost profilu planetky<\/li>\n\n\n\n<li>je-li dostatek pozitivn\u00edch m\u011b\u0159en\u00ed jednoho z\u00e1krytu, lze z\u00edskat p\u0159esn\u011bj\u0161\u00ed tvar profilu planetky<\/li>\n\n\n\n<li>p\u0159\u00edle\u017eitostn\u011b se pozorov\u00e1n\u00edmi poda\u0159\u00ed objevit m\u011bs\u00edc planetky (z v\u00fdzkumu planetek plyne, \u017ee p\u0159ibli\u017en\u011b ka\u017ed\u00e1 \u0161est\u00e1 planetka je bin\u00e1rn\u00ed)<\/li>\n\n\n\n<li>ob\u010das se poda\u0159\u00ed objevit dvojhv\u011bzdu (podvojnost zakr\u00fdvan\u00e9 hv\u011bzdy)\u00a0<\/li>\n<\/ul>\n","protected":false},"excerpt":{"rendered":"<p>Pozorov\u00e1n\u00ed z\u00e1kryt\u016f hv\u011bzd planetkami slou\u017e\u00ed zejm\u00e9na k v\u00fdzkumu planetek, pop\u0159\u00edpad\u011b i zakr\u00fdvan\u00fdch hv\u011bzd:<\/p>\n","protected":false},"author":1,"featured_media":0,"parent":461,"menu_order":1,"comment_status":"closed","ping_status":"closed","template":"","meta":{"footnotes":""},"class_list":["post-464","page","type-page","status-publish","hentry"],"_links":{"self":[{"href":"https:\/\/www.zakryty.cz\/index.php\/wp-json\/wp\/v2\/pages\/464","targetHints":{"allow":["GET"]}}],"collection":[{"href":"https:\/\/www.zakryty.cz\/index.php\/wp-json\/wp\/v2\/pages"}],"about":[{"href":"https:\/\/www.zakryty.cz\/index.php\/wp-json\/wp\/v2\/types\/page"}],"author":[{"embeddable":true,"href":"https:\/\/www.zakryty.cz\/index.php\/wp-json\/wp\/v2\/users\/1"}],"replies":[{"embeddable":true,"href":"https:\/\/www.zakryty.cz\/index.php\/wp-json\/wp\/v2\/comments?post=464"}],"version-history":[{"count":5,"href":"https:\/\/www.zakryty.cz\/index.php\/wp-json\/wp\/v2\/pages\/464\/revisions"}],"predecessor-version":[{"id":2170,"href":"https:\/\/www.zakryty.cz\/index.php\/wp-json\/wp\/v2\/pages\/464\/revisions\/2170"}],"up":[{"embeddable":true,"href":"https:\/\/www.zakryty.cz\/index.php\/wp-json\/wp\/v2\/pages\/461"}],"wp:attachment":[{"href":"https:\/\/www.zakryty.cz\/index.php\/wp-json\/wp\/v2\/media?parent=464"}],"curies":[{"name":"wp","href":"https:\/\/api.w.org\/{rel}","templated":true}]}}