{"id":1461,"date":"2020-01-01T21:54:41","date_gmt":"2020-01-01T21:54:41","guid":{"rendered":"http:\/\/www.zakryty.cz\/?page_id=1461"},"modified":"2025-01-04T15:12:17","modified_gmt":"2025-01-04T15:12:17","slug":"zakryty-hvezd-planetkami","status":"publish","type":"page","link":"https:\/\/www.zakryty.cz\/","title":{"rendered":"Z\u00e1kryty hv\u011bzd planetkami"},"content":{"rendered":"\n<p>Z\u00e1kryty hv\u011bzd planetkami pat\u0159\u00ed mezi astronomick\u00e1 pozorov\u00e1n\u00ed, kde i amat\u00e9r\u0161t\u00ed pozorovatel\u00e9 mohou p\u0159isp\u011bt cenn\u00fdmi v\u00fdsledky k pozn\u00e1n\u00ed nebesk\u00fdch objekt\u016f. Vybaven\u00ed takov\u00e9ho pozorovatele nemus\u00ed b\u00fdt p\u0159\u00edli\u0161 n\u00e1ro\u010dn\u00e9. Je v\u0161ak \u017e\u00e1douc\u00ed, aby pozorovatel vyu\u017e\u00edval pokud mo\u017eno objektivn\u00ed metody z\u00e1znamu (tedy up\u0159ednostnil kameru p\u0159ed vlastn\u00edm zrakem).<\/p>\n\n\n\n<p><\/p>\n\n\n\n<p>Je fascinuj\u00edc\u00ed sledovat, \u017ee se na obloze n\u011bco d\u011bje. N\u011bkdy n\u011bkter\u00e1 z mnoha planetek ve slune\u010dn\u00ed soustav\u011b zakryje ur\u010ditou vzd\u00e1lenou hv\u011bzdu. Jeliko\u017e velikosti zkouman\u00fdch planetek se pohybuj\u00ed v \u0159\u00e1du kilometr\u016f a\u017e stovek kilometr\u016f, je podobn\u011b \u0161irok\u00fd i st\u00edn z\u00e1krytu putuj\u00edc\u00ed po zemsk\u00e9m povrchu. Vlastn\u00ed z\u00e1kryt trv\u00e1 obvykle sekundy a\u017e n\u011bkolik des\u00edtek sekund. Z\u00e1le\u017e\u00ed na \u00fahlov\u00e9m pohybu planetky po obloze.<\/p>\n\n\n\n<p><\/p>\n\n\n\n<p>D\u016fle\u017eitou roli hraje vz\u00e1jemn\u00e1 jasnost obou t\u011bles (planetky a hv\u011bzdy). Je hezk\u00e9, pokud doch\u00e1z\u00ed k z\u00e1krytu n\u011bkter\u00e9 jasn\u011bj\u0161\u00ed hv\u011bzdy ide\u00e1ln\u011b planetkou, kter\u00e1 nen\u00ed v\u016fbec viditeln\u00e1 dan\u00fdm dalekohledem. Takov\u00fd z\u00e1kryt se jev\u00ed jako zmizen\u00ed hv\u011bzdy a jde o to zm\u011b\u0159it co nejp\u0159esn\u011bji okam\u017eik zmizen\u00ed a okam\u017eik objeven\u00ed hv\u011bzdy.<\/p>\n\n\n\n<p><\/p>\n\n\n\n<p>Z\u00e1kryt tedy nezabere p\u0159\u00edli\u0161 pozorovac\u00edho \u010dasu, ale je nutn\u00e9 pozorov\u00e1n\u00ed v\u011bnovat ur\u010ditou p\u0159\u00edpravu a b\u00fdt ve spr\u00e1vn\u00fd \u010das na spr\u00e1vn\u00e9m m\u00edst\u011b. B\u011bhem jedn\u00e9 noci je obvykle \u0161ance na pozorov\u00e1n\u00ed v\u00edce \u00fakaz\u016f, av\u0161ak ka\u017ed\u00fd m\u016f\u017ee m\u00edt rozd\u00edlnou v\u00fd\u0161i pravd\u011bpodobnosti pro dan\u00e9 m\u00edsto. Je tedy na pozorovateli, jak\u00e9 \u00fakazy chce pozorovat. Pro p\u0159edpov\u011bdi a jistou koordinaci pozorovatel\u016f ve sv\u011bt\u011b lze pou\u017e\u00edt program Occult Watcher.<\/p>\n\n\n\n<p><\/p>\n\n\n\n<p>Metodickou podporu amat\u00e9rsk\u00fdm nebo za\u010d\u00ednaj\u00edc\u00edm pozorovatel\u016fm m\u016f\u017ee d\u00e1t Hv\u011bzd\u00e1rna v Rokycanech a Plzni nebo n\u011bkter\u00fd zku\u0161en\u011bj\u0161\u00ed pozorovatel.<\/p>\n\n\n\n<p>Jasnou oblohu!<\/p>\n","protected":false},"excerpt":{"rendered":"<p>Z\u00e1kryty hv\u011bzd planetkami pat\u0159\u00ed mezi astronomick\u00e1 pozorov\u00e1n\u00ed, kde i amat\u00e9r\u0161t\u00ed pozorovatel\u00e9 mohou p\u0159isp\u011bt cenn\u00fdmi v\u00fdsledky k pozn\u00e1n\u00ed nebesk\u00fdch objekt\u016f. Vybaven\u00ed takov\u00e9ho pozorovatele nemus\u00ed b\u00fdt p\u0159\u00edli\u0161 n\u00e1ro\u010dn\u00e9. Je v\u0161ak \u017e\u00e1douc\u00ed, aby pozorovatel vyu\u017e\u00edval pokud mo\u017eno objektivn\u00ed metody z\u00e1znamu (tedy up\u0159ednostnil kameru p\u0159ed vlastn\u00edm zrakem). Je fascinuj\u00edc\u00ed sledovat, \u017ee se na obloze n\u011bco d\u011bje. N\u011bkdy n\u011bkter\u00e1 z &hellip; <\/p>\n<p class=\"link-more\"><a href=\"https:\/\/www.zakryty.cz\/\" class=\"more-link\">Pokra\u010dovat ve \u010dten\u00ed<span class=\"screen-reader-text\"> &#8222;Z\u00e1kryty hv\u011bzd planetkami&#8220;<\/span><\/a><\/p>\n","protected":false},"author":1,"featured_media":0,"parent":0,"menu_order":0,"comment_status":"closed","ping_status":"closed","template":"","meta":{"footnotes":""},"class_list":["post-1461","page","type-page","status-publish","hentry"],"_links":{"self":[{"href":"https:\/\/www.zakryty.cz\/index.php\/wp-json\/wp\/v2\/pages\/1461","targetHints":{"allow":["GET"]}}],"collection":[{"href":"https:\/\/www.zakryty.cz\/index.php\/wp-json\/wp\/v2\/pages"}],"about":[{"href":"https:\/\/www.zakryty.cz\/index.php\/wp-json\/wp\/v2\/types\/page"}],"author":[{"embeddable":true,"href":"https:\/\/www.zakryty.cz\/index.php\/wp-json\/wp\/v2\/users\/1"}],"replies":[{"embeddable":true,"href":"https:\/\/www.zakryty.cz\/index.php\/wp-json\/wp\/v2\/comments?post=1461"}],"version-history":[{"count":2,"href":"https:\/\/www.zakryty.cz\/index.php\/wp-json\/wp\/v2\/pages\/1461\/revisions"}],"predecessor-version":[{"id":1467,"href":"https:\/\/www.zakryty.cz\/index.php\/wp-json\/wp\/v2\/pages\/1461\/revisions\/1467"}],"wp:attachment":[{"href":"https:\/\/www.zakryty.cz\/index.php\/wp-json\/wp\/v2\/media?parent=1461"}],"curies":[{"name":"wp","href":"https:\/\/api.w.org\/{rel}","templated":true}]}}